{"id":402,"date":"2018-03-09T13:13:01","date_gmt":"2018-03-09T12:13:01","guid":{"rendered":"https:\/\/www.donaldrunnicles.org\/?page_id=402"},"modified":"2024-08-23T15:50:26","modified_gmt":"2024-08-23T13:50:26","slug":"about","status":"publish","type":"page","link":"https:\/\/www.donaldrunnicles.org\/de\/about\/","title":{"rendered":"\u00dcber mich"},"content":{"rendered":"<h2>Scottish Soul<\/h2>\n<p>Sir Donald Runnicles\u2018 45-j\u00e4hrige Karriere zeichnet sich besonders durch seine langj\u00e4hrigen, intensiven Beziehungen zu bedeutenden Sinfonieorchestern und Opernh\u00e4usern aus.<\/p>\n<p><a href=\"https:\/\/www.donaldrunnicles.org\/de\/about\/\">LIES DIE BIOGRAPHIE<\/a><\/p>\n<p><!--more--><\/p>\n<h2>Der Mensch und die Musik<\/h2>\n<p>Sir Donald Runnicles\u2018 45-j\u00e4hrige Karriere zeichnet sich besonders durch seine langj\u00e4hrigen, intensiven Beziehungen zu bedeutenden Sinfonieorchestern und Opernh\u00e4usern aus.<\/p>\n<p>Seit 2009 ist er Generalmusikdirektor der Deutschen Oper Berlin, seit 2005 Music Director des Grand Teton Music Festivals. Er war Music Director der San Francisco Opera von 1992 bis 2008, des BBC Scottish Symphony Orchestras von 2009 bis 2016 und des Orchestras of St. Luke&#8217;s von 2001 bis 2007. Au\u00dferdem war er mehr als zwei Jahrzehnte lang Principal Guest Conductor des Atlanta Symphony Orchestras (2001 -2023) und ist seit 2019 Principal Guest Conductor des Sydney Symphony Orchestras. Im Februar 2024 wurde Runnicles zum Chefdirigenten der Dresdner Philharmonie ernannt, dieses Amt tritt er mit der Saison 2025\/26 an.<\/p>\n<div id='gallery-2' class='gallery galleryid-402 gallery-columns-2 gallery-size-large gallery-behaviour-parallax'><figure class='gallery-item'>\n\t\t\t<div class='gallery-icon landscape'>\n\t\t\t\t<img loading=\"lazy\" decoding=\"async\" width=\"469\" height=\"313\" src=\"https:\/\/www.donaldrunnicles.org\/wp-content\/uploads\/2018\/02\/donald-runnicles-at-proms-082.jpg\" class=\"attachment-large size-large\" alt=\"\" srcset=\"https:\/\/www.donaldrunnicles.org\/wp-content\/uploads\/2018\/02\/donald-runnicles-at-proms-082.jpg 469w, https:\/\/www.donaldrunnicles.org\/wp-content\/uploads\/2018\/02\/donald-runnicles-at-proms-082-300x200.jpg 300w\" sizes=\"auto, (max-width: 469px) 100vw, 469px\" \/>\n\t\t\t<\/div><\/figure><figure class='gallery-item'>\n\t\t\t<div class='gallery-icon landscape'>\n\t\t\t\t<img loading=\"lazy\" decoding=\"async\" width=\"671\" height=\"448\" src=\"https:\/\/www.donaldrunnicles.org\/wp-content\/uploads\/2018\/02\/donald-runnicles-web-big-29.jpg\" class=\"attachment-large size-large\" alt=\"\" srcset=\"https:\/\/www.donaldrunnicles.org\/wp-content\/uploads\/2018\/02\/donald-runnicles-web-big-29.jpg 671w, https:\/\/www.donaldrunnicles.org\/wp-content\/uploads\/2018\/02\/donald-runnicles-web-big-29-300x200.jpg 300w\" sizes=\"auto, (max-width: 671px) 100vw, 671px\" \/>\n\t\t\t<\/div><\/figure><figure class='gallery-item'>\n\t\t\t<div class='gallery-icon landscape'>\n\t\t\t\t<img loading=\"lazy\" decoding=\"async\" width=\"500\" height=\"333\" src=\"https:\/\/www.donaldrunnicles.org\/wp-content\/uploads\/2018\/02\/don-carlo-05-barbara-aum-a-ller-hf.jpg\" class=\"attachment-large size-large\" alt=\"Test 2\" aria-describedby=\"gallery-2-311\" srcset=\"https:\/\/www.donaldrunnicles.org\/wp-content\/uploads\/2018\/02\/don-carlo-05-barbara-aum-a-ller-hf.jpg 500w, https:\/\/www.donaldrunnicles.org\/wp-content\/uploads\/2018\/02\/don-carlo-05-barbara-aum-a-ller-hf-300x200.jpg 300w\" sizes=\"auto, (max-width: 500px) 100vw, 500px\" \/>\n\t\t\t<\/div>\n\t\t\t\t<figcaption class='wp-caption-text gallery-caption' id='gallery-2-311'>\n\t\t\t\tTest 1\n\t\t\t\t<\/figcaption><\/figure>\n\t\t<\/div>\n\n<p>Runnicles \u2013 bekannt als herausragender Dirigent der Werke Richard Wagners und des deutschen Repertoires der Romantik \u2013 leitete in der Saison 2023\/24 an der Deutschen Oper Berlin eine Neuproduktion von Richard Strauss\u2018 selten gespielter Oper INTERMEZZO in der Regie von Tobias Kratzer sowie Auff\u00fchrungen von PARSIFAL und zwei Zyklen des RING DES NIBELUNGEN. An der Metropolitan Opera dirigierte er TANNH\u00c4USER. Weitere Auftritte f\u00fchrten ihn nach Sydney, zur Dresdner Philharmonie, zum Dallas Symphony Orchestra, zum Cincinnati Symphony Orchestra und zum Utah Symphony Orchestra, wo er die Urauff\u00fchrung eines neuen Werks von Sir Stephen Hough dirigierte.<\/p>\n","protected":false},"excerpt":{"rendered":"<p>Scottish Soul Sir Donald Runnicles\u2018 45-j\u00e4hrige Karriere zeichnet sich besonders durch seine langj\u00e4hrigen, intensiven Beziehungen zu bedeutenden Sinfonieorchestern und Opernh\u00e4usern aus. LIES DIE BIOGRAPHIE<\/p>\n","protected":false},"author":2,"featured_media":280,"parent":0,"menu_order":0,"comment_status":"closed","ping_status":"closed","template":"","meta":{"_locale":"de_DE","_original_post":"17","footnotes":""},"class_list":["post-402","page","type-page","status-publish","has-post-thumbnail","hentry","de-DE"],"_links":{"self":[{"href":"https:\/\/www.donaldrunnicles.org\/wp-json\/wp\/v2\/pages\/402","targetHints":{"allow":["GET"]}}],"collection":[{"href":"https:\/\/www.donaldrunnicles.org\/wp-json\/wp\/v2\/pages"}],"about":[{"href":"https:\/\/www.donaldrunnicles.org\/wp-json\/wp\/v2\/types\/page"}],"author":[{"embeddable":true,"href":"https:\/\/www.donaldrunnicles.org\/wp-json\/wp\/v2\/users\/2"}],"replies":[{"embeddable":true,"href":"https:\/\/www.donaldrunnicles.org\/wp-json\/wp\/v2\/comments?post=402"}],"version-history":[{"count":14,"href":"https:\/\/www.donaldrunnicles.org\/wp-json\/wp\/v2\/pages\/402\/revisions"}],"predecessor-version":[{"id":1433,"href":"https:\/\/www.donaldrunnicles.org\/wp-json\/wp\/v2\/pages\/402\/revisions\/1433"}],"wp:featuredmedia":[{"embeddable":true,"href":"https:\/\/www.donaldrunnicles.org\/wp-json\/wp\/v2\/media\/280"}],"wp:attachment":[{"href":"https:\/\/www.donaldrunnicles.org\/wp-json\/wp\/v2\/media?parent=402"}],"curies":[{"name":"wp","href":"https:\/\/api.w.org\/{rel}","templated":true}]}}